{"id":3993,"date":"2023-09-14T22:58:26","date_gmt":"2023-09-14T20:58:26","guid":{"rendered":"https:\/\/bluefrog-consulting.com\/imprint\/"},"modified":"2023-09-14T22:58:26","modified_gmt":"2023-09-14T20:58:26","slug":"imprint","status":"publish","type":"page","link":"https:\/\/bluefrog-consulting.com\/en\/imprint\/","title":{"rendered":"Imprint"},"content":{"rendered":"<h1>Imprint<\/h1>\n<h2>Information according to \u00a7 5 TMG<\/h2>\n<p>blue frog GmbH<br \/>\nBeim Bergtor 26<br \/>\n67269 Gr\u00fcnstadt<br \/>\nGermany<br \/>\n<strong>Phone:<\/strong> 00 49 177 4955146<br \/>\n<strong>EMail:<\/strong><a href=\"mailto:b12215fro7@bluefrog-consulting.com\">office@bluefrog-consulting.com<\/a><\/p>\n<h2>Editorially responsible<\/h2>\n<p>blue frog GmbH<br \/>\nBeim Bergtor 26<br \/>\n67269 Gr\u00fcnstadt<br \/>\nGermany<\/p>\n<h2>EU Dispute Settlement<\/h2>\n<p>The European Commission provides a platform for online dispute resolution (ODR): <a href=\"https:\/\/ec.europa.eu\/consumers\/odr\/\" target=\"_blank\" rel=\"noopener noreferrer\">https:\/\/ec.europa.eu\/consumers\/odr\/<\/a>.<br \/>\nOur e-mail address can be found at the top of the imprint.<\/p>\n<h2>Liability for content<\/h2>\n<p>As a service provider, we are obliged to comply with \u00a7 7 para. 1 TMG is responsible for its own content on these pages in accordance with general laws. However, according to \u00a7\u00a7 8 to 10 TMG, we as a service provider are not obliged to monitor transmitted or stored third-party information or to investigate circumstances that indicate illegal activity. Obligations to remove or block the use of information in accordance with general laws remain unaffected. However, liability in this regard is only possible from the time of knowledge of a specific infringement. If we become aware of such violations, we will remove this content immediately.<\/p>\n<h2>Liability for links<\/h2>\n<p>Our website contains links to external third-party websites, the content of which we have no influence on. Therefore, we cannot assume any liability for these third-party contents. The respective provider or operator of the pages is always responsible for the content of the linked pages. The linked pages were checked for possible legal violations at the time of linking. Illegal content was not recognizable at the time of linking. However, a permanent control of the content of the linked pages is not reasonable without concrete indications of a violation of the law. If we become aware of any legal violations, we will remove such links immediately.<\/p>\n<h2>Copyright<\/h2>\n<p>The content and works created by the site operators on these pages are subject to German copyright law. The reproduction, editing, distribution and any kind of exploitation outside the limits of copyright law require the written consent of the respective author or creator. Downloads and copies of this site are only permitted for private, non-commercial use. Insofar as the content on this page has not been created by the operator, the copyrights of third parties are observed. In particular, third-party content will be marked as such. Should you nevertheless become aware of a copyright infringement, please inform us accordingly. If we become aware of any legal violations, we will remove such content immediately. Created by social media agency Matzke Media.<\/p>\n<h2>Consumer Dispute Resolution\/Universal Arbitration Board<\/h2>\n<p>We are not willing or obliged to participate in dispute resolution proceedings before a consumer arbitration board.<\/p>\n","protected":false},"excerpt":{"rendered":"<p>Imprint Information according to \u00a7 5 TMG blue frog GmbH Beim Bergtor 26 67269 Gr\u00fcnstadt Germany Phone: 00 49 177 4955146 EMail:office@bluefrog-consulting.com Editorially responsible blue frog GmbH Beim Bergtor 26 67269 Gr\u00fcnstadt Germany EU Dispute Settlement The European Commission provides a platform for online dispute resolution (ODR): https:\/\/ec.europa.eu\/consumers\/odr\/. Our e-mail address can be found at [&hellip;]<\/p>\n","protected":false},"author":1,"featured_media":0,"parent":0,"menu_order":0,"comment_status":"closed","ping_status":"closed","template":"","meta":{"site-sidebar-layout":"default","site-content-layout":"","ast-site-content-layout":"default","site-content-style":"default","site-sidebar-style":"default","ast-global-header-display":"","ast-banner-title-visibility":"","ast-main-header-display":"","ast-hfb-above-header-display":"","ast-hfb-below-header-display":"","ast-hfb-mobile-header-display":"","site-post-title":"","ast-breadcrumbs-content":"","ast-featured-img":"","footer-sml-layout":"","ast-disable-related-posts":"","theme-transparent-header-meta":"default","adv-header-id-meta":"","stick-header-meta":"default","header-above-stick-meta":"","header-main-stick-meta":"","header-below-stick-meta":"","astra-migrate-meta-layouts":"default","ast-page-background-enabled":"default","ast-page-background-meta":{"desktop":{"background-color":"","background-image":"","background-repeat":"repeat","background-position":"center center","background-size":"auto","background-attachment":"scroll","background-type":"","background-media":"","overlay-type":"","overlay-color":"","overlay-opacity":"","overlay-gradient":""},"tablet":{"background-color":"","background-image":"","background-repeat":"repeat","background-position":"center center","background-size":"auto","background-attachment":"scroll","background-type":"","background-media":"","overlay-type":"","overlay-color":"","overlay-opacity":"","overlay-gradient":""},"mobile":{"background-color":"","background-image":"","background-repeat":"repeat","background-position":"center center","background-size":"auto","background-attachment":"scroll","background-type":"","background-media":"","overlay-type":"","overlay-color":"","overlay-opacity":"","overlay-gradient":""}},"ast-content-background-meta":{"desktop":{"background-color":"var(--ast-global-color-5)","background-image":"","background-repeat":"repeat","background-position":"center center","background-size":"auto","background-attachment":"scroll","background-type":"","background-media":"","overlay-type":"","overlay-color":"","overlay-opacity":"","overlay-gradient":""},"tablet":{"background-color":"var(--ast-global-color-5)","background-image":"","background-repeat":"repeat","background-position":"center center","background-size":"auto","background-attachment":"scroll","background-type":"","background-media":"","overlay-type":"","overlay-color":"","overlay-opacity":"","overlay-gradient":""},"mobile":{"background-color":"var(--ast-global-color-5)","background-image":"","background-repeat":"repeat","background-position":"center center","background-size":"auto","background-attachment":"scroll","background-type":"","background-media":"","overlay-type":"","overlay-color":"","overlay-opacity":"","overlay-gradient":""}},"footnotes":""},"class_list":["post-3993","page","type-page","status-publish","hentry"],"yoast_head":"<!-- This site is optimized with the Yoast SEO plugin v27.2 - https:\/\/yoast.com\/product\/yoast-seo-wordpress\/ -->\n<title>Imprint - Bluefrog Consulting<\/title>\n<meta name=\"description\" content=\"Wir unterst\u00fctzen Sie mit Spa\u00df, Herz und Verstand darin, Ihre Unternehmens-, Team- sowie pers\u00f6nlichen Ziele im Bereich Verkaufsproduktivit\u00e4t, Leadership und pers\u00f6nlicher Wirksamkeit zu erreichen.\" \/>\n<meta name=\"robots\" content=\"index, follow, max-snippet:-1, max-image-preview:large, max-video-preview:-1\" \/>\n<link rel=\"canonical\" href=\"https:\/\/bluefrog-consulting.com\/en\/imprint\/\" \/>\n<meta property=\"og:locale\" content=\"en_US\" \/>\n<meta property=\"og:type\" content=\"article\" \/>\n<meta property=\"og:title\" content=\"Imprint - Bluefrog Consulting\" \/>\n<meta property=\"og:description\" content=\"Wir unterst\u00fctzen Sie mit Spa\u00df, Herz und Verstand darin, Ihre Unternehmens-, Team- sowie pers\u00f6nlichen Ziele im Bereich Verkaufsproduktivit\u00e4t, Leadership und pers\u00f6nlicher Wirksamkeit zu erreichen.\" \/>\n<meta property=\"og:url\" content=\"https:\/\/bluefrog-consulting.com\/en\/imprint\/\" \/>\n<meta property=\"og:site_name\" content=\"Bluefrog Consulting\" \/>\n<meta name=\"twitter:card\" content=\"summary_large_image\" \/>\n<meta name=\"twitter:label1\" content=\"Est. reading time\" \/>\n\t<meta name=\"twitter:data1\" content=\"2 minutes\" \/>\n<script type=\"application\/ld+json\" class=\"yoast-schema-graph\">{\"@context\":\"https:\/\/schema.org\",\"@graph\":[{\"@type\":\"WebPage\",\"@id\":\"https:\/\/bluefrog-consulting.com\/en\/imprint\/\",\"url\":\"https:\/\/bluefrog-consulting.com\/en\/imprint\/\",\"name\":\"Imprint - Bluefrog Consulting\",\"isPartOf\":{\"@id\":\"https:\/\/bluefrog-consulting.com\/en\/#website\"},\"datePublished\":\"2023-09-14T20:58:26+00:00\",\"description\":\"Wir unterst\u00fctzen Sie mit Spa\u00df, Herz und Verstand darin, Ihre Unternehmens-, Team- sowie pers\u00f6nlichen Ziele im Bereich Verkaufsproduktivit\u00e4t, Leadership und pers\u00f6nlicher Wirksamkeit zu erreichen.\",\"breadcrumb\":{\"@id\":\"https:\/\/bluefrog-consulting.com\/en\/imprint\/#breadcrumb\"},\"inLanguage\":\"en-US\",\"potentialAction\":[{\"@type\":\"ReadAction\",\"target\":[\"https:\/\/bluefrog-consulting.com\/en\/imprint\/\"]}]},{\"@type\":\"BreadcrumbList\",\"@id\":\"https:\/\/bluefrog-consulting.com\/en\/imprint\/#breadcrumb\",\"itemListElement\":[{\"@type\":\"ListItem\",\"position\":1,\"name\":\"Home\",\"item\":\"https:\/\/bluefrog-consulting.com\/en\/\"},{\"@type\":\"ListItem\",\"position\":2,\"name\":\"Imprint\"}]},{\"@type\":\"WebSite\",\"@id\":\"https:\/\/bluefrog-consulting.com\/en\/#website\",\"url\":\"https:\/\/bluefrog-consulting.com\/en\/\",\"name\":\"Bluefrog Consulting\",\"description\":\"Ihre Sales Enthusiasten\",\"publisher\":{\"@id\":\"https:\/\/bluefrog-consulting.com\/en\/#organization\"},\"potentialAction\":[{\"@type\":\"SearchAction\",\"target\":{\"@type\":\"EntryPoint\",\"urlTemplate\":\"https:\/\/bluefrog-consulting.com\/en\/?s={search_term_string}\"},\"query-input\":{\"@type\":\"PropertyValueSpecification\",\"valueRequired\":true,\"valueName\":\"search_term_string\"}}],\"inLanguage\":\"en-US\"},{\"@type\":\"Organization\",\"@id\":\"https:\/\/bluefrog-consulting.com\/en\/#organization\",\"name\":\"Bluefrog Consulting\",\"url\":\"https:\/\/bluefrog-consulting.com\/en\/\",\"logo\":{\"@type\":\"ImageObject\",\"inLanguage\":\"en-US\",\"@id\":\"https:\/\/bluefrog-consulting.com\/en\/#\/schema\/logo\/image\/\",\"url\":\"https:\/\/bluefrog-consulting.com\/wp-content\/uploads\/2023\/10\/logo-bluefrog.png\",\"contentUrl\":\"https:\/\/bluefrog-consulting.com\/wp-content\/uploads\/2023\/10\/logo-bluefrog.png\",\"width\":650,\"height\":157,\"caption\":\"Bluefrog Consulting\"},\"image\":{\"@id\":\"https:\/\/bluefrog-consulting.com\/en\/#\/schema\/logo\/image\/\"},\"sameAs\":[\"https:\/\/www.linkedin.com\/company\/bluefroggmbh\"]}]}<\/script>\n<!-- \/ Yoast SEO plugin. -->","yoast_head_json":{"title":"Imprint - Bluefrog Consulting","description":"Wir unterst\u00fctzen Sie mit Spa\u00df, Herz und Verstand darin, Ihre Unternehmens-, Team- sowie pers\u00f6nlichen Ziele im Bereich Verkaufsproduktivit\u00e4t, Leadership und pers\u00f6nlicher Wirksamkeit zu erreichen.","robots":{"index":"index","follow":"follow","max-snippet":"max-snippet:-1","max-image-preview":"max-image-preview:large","max-video-preview":"max-video-preview:-1"},"canonical":"https:\/\/bluefrog-consulting.com\/en\/imprint\/","og_locale":"en_US","og_type":"article","og_title":"Imprint - Bluefrog Consulting","og_description":"Wir unterst\u00fctzen Sie mit Spa\u00df, Herz und Verstand darin, Ihre Unternehmens-, Team- sowie pers\u00f6nlichen Ziele im Bereich Verkaufsproduktivit\u00e4t, Leadership und pers\u00f6nlicher Wirksamkeit zu erreichen.","og_url":"https:\/\/bluefrog-consulting.com\/en\/imprint\/","og_site_name":"Bluefrog Consulting","twitter_card":"summary_large_image","twitter_misc":{"Est. reading time":"2 minutes"},"schema":{"@context":"https:\/\/schema.org","@graph":[{"@type":"WebPage","@id":"https:\/\/bluefrog-consulting.com\/en\/imprint\/","url":"https:\/\/bluefrog-consulting.com\/en\/imprint\/","name":"Imprint - Bluefrog Consulting","isPartOf":{"@id":"https:\/\/bluefrog-consulting.com\/en\/#website"},"datePublished":"2023-09-14T20:58:26+00:00","description":"Wir unterst\u00fctzen Sie mit Spa\u00df, Herz und Verstand darin, Ihre Unternehmens-, Team- sowie pers\u00f6nlichen Ziele im Bereich Verkaufsproduktivit\u00e4t, Leadership und pers\u00f6nlicher Wirksamkeit zu erreichen.","breadcrumb":{"@id":"https:\/\/bluefrog-consulting.com\/en\/imprint\/#breadcrumb"},"inLanguage":"en-US","potentialAction":[{"@type":"ReadAction","target":["https:\/\/bluefrog-consulting.com\/en\/imprint\/"]}]},{"@type":"BreadcrumbList","@id":"https:\/\/bluefrog-consulting.com\/en\/imprint\/#breadcrumb","itemListElement":[{"@type":"ListItem","position":1,"name":"Home","item":"https:\/\/bluefrog-consulting.com\/en\/"},{"@type":"ListItem","position":2,"name":"Imprint"}]},{"@type":"WebSite","@id":"https:\/\/bluefrog-consulting.com\/en\/#website","url":"https:\/\/bluefrog-consulting.com\/en\/","name":"Bluefrog Consulting","description":"Ihre Sales Enthusiasten","publisher":{"@id":"https:\/\/bluefrog-consulting.com\/en\/#organization"},"potentialAction":[{"@type":"SearchAction","target":{"@type":"EntryPoint","urlTemplate":"https:\/\/bluefrog-consulting.com\/en\/?s={search_term_string}"},"query-input":{"@type":"PropertyValueSpecification","valueRequired":true,"valueName":"search_term_string"}}],"inLanguage":"en-US"},{"@type":"Organization","@id":"https:\/\/bluefrog-consulting.com\/en\/#organization","name":"Bluefrog Consulting","url":"https:\/\/bluefrog-consulting.com\/en\/","logo":{"@type":"ImageObject","inLanguage":"en-US","@id":"https:\/\/bluefrog-consulting.com\/en\/#\/schema\/logo\/image\/","url":"https:\/\/bluefrog-consulting.com\/wp-content\/uploads\/2023\/10\/logo-bluefrog.png","contentUrl":"https:\/\/bluefrog-consulting.com\/wp-content\/uploads\/2023\/10\/logo-bluefrog.png","width":650,"height":157,"caption":"Bluefrog Consulting"},"image":{"@id":"https:\/\/bluefrog-consulting.com\/en\/#\/schema\/logo\/image\/"},"sameAs":["https:\/\/www.linkedin.com\/company\/bluefroggmbh"]}]}},"_links":{"self":[{"href":"https:\/\/bluefrog-consulting.com\/en\/wp-json\/wp\/v2\/pages\/3993","targetHints":{"allow":["GET"]}}],"collection":[{"href":"https:\/\/bluefrog-consulting.com\/en\/wp-json\/wp\/v2\/pages"}],"about":[{"href":"https:\/\/bluefrog-consulting.com\/en\/wp-json\/wp\/v2\/types\/page"}],"author":[{"embeddable":true,"href":"https:\/\/bluefrog-consulting.com\/en\/wp-json\/wp\/v2\/users\/1"}],"replies":[{"embeddable":true,"href":"https:\/\/bluefrog-consulting.com\/en\/wp-json\/wp\/v2\/comments?post=3993"}],"version-history":[{"count":0,"href":"https:\/\/bluefrog-consulting.com\/en\/wp-json\/wp\/v2\/pages\/3993\/revisions"}],"wp:attachment":[{"href":"https:\/\/bluefrog-consulting.com\/en\/wp-json\/wp\/v2\/media?parent=3993"}],"curies":[{"name":"wp","href":"https:\/\/api.w.org\/{rel}","templated":true}]}}