{"id":3991,"date":"2023-09-14T23:02:59","date_gmt":"2023-09-14T21:02:59","guid":{"rendered":"https:\/\/bluefrog-consulting.com\/cookie-policy-eu\/"},"modified":"2023-10-26T19:42:14","modified_gmt":"2023-10-26T17:42:14","slug":"cookie-policy-eu","status":"publish","type":"page","link":"https:\/\/bluefrog-consulting.com\/en\/cookie-policy-eu\/","title":{"rendered":"Cookie Policy (EU)"},"content":{"rendered":"Region EU not activated for cookie-statement.\n","protected":false},"excerpt":{"rendered":"","protected":false},"author":1,"featured_media":0,"parent":0,"menu_order":0,"comment_status":"closed","ping_status":"closed","template":"","meta":{"site-sidebar-layout":"default","site-content-layout":"","ast-site-content-layout":"default","site-content-style":"default","site-sidebar-style":"default","ast-global-header-display":"","ast-banner-title-visibility":"","ast-main-header-display":"","ast-hfb-above-header-display":"","ast-hfb-below-header-display":"","ast-hfb-mobile-header-display":"","site-post-title":"","ast-breadcrumbs-content":"","ast-featured-img":"","footer-sml-layout":"","ast-disable-related-posts":"","theme-transparent-header-meta":"","adv-header-id-meta":"","stick-header-meta":"","header-above-stick-meta":"","header-main-stick-meta":"","header-below-stick-meta":"","astra-migrate-meta-layouts":"default","ast-page-background-enabled":"default","ast-page-background-meta":{"desktop":{"background-color":"","background-image":"","background-repeat":"repeat","background-position":"center center","background-size":"auto","background-attachment":"scroll","background-type":"","background-media":"","overlay-type":"","overlay-color":"","overlay-opacity":"","overlay-gradient":""},"tablet":{"background-color":"","background-image":"","background-repeat":"repeat","background-position":"center center","background-size":"auto","background-attachment":"scroll","background-type":"","background-media":"","overlay-type":"","overlay-color":"","overlay-opacity":"","overlay-gradient":""},"mobile":{"background-color":"","background-image":"","background-repeat":"repeat","background-position":"center center","background-size":"auto","background-attachment":"scroll","background-type":"","background-media":"","overlay-type":"","overlay-color":"","overlay-opacity":"","overlay-gradient":""}},"ast-content-background-meta":{"desktop":{"background-color":"var(--ast-global-color-5)","background-image":"","background-repeat":"repeat","background-position":"center center","background-size":"auto","background-attachment":"scroll","background-type":"","background-media":"","overlay-type":"","overlay-color":"","overlay-opacity":"","overlay-gradient":""},"tablet":{"background-color":"var(--ast-global-color-5)","background-image":"","background-repeat":"repeat","background-position":"center center","background-size":"auto","background-attachment":"scroll","background-type":"","background-media":"","overlay-type":"","overlay-color":"","overlay-opacity":"","overlay-gradient":""},"mobile":{"background-color":"var(--ast-global-color-5)","background-image":"","background-repeat":"repeat","background-position":"center center","background-size":"auto","background-attachment":"scroll","background-type":"","background-media":"","overlay-type":"","overlay-color":"","overlay-opacity":"","overlay-gradient":""}},"footnotes":""},"class_list":["post-3991","page","type-page","status-publish","hentry"],"yoast_head":"<!-- This site is optimized with the Yoast SEO plugin v27.3 - https:\/\/yoast.com\/product\/yoast-seo-wordpress\/ -->\n<title>Cookie Policy (EU) - Bluefrog Consulting<\/title>\n<meta name=\"description\" content=\"Wir unterst\u00fctzen Sie mit Spa\u00df, Herz und Verstand darin, Ihre Unternehmens-, Team- sowie pers\u00f6nlichen Ziele im Bereich Verkaufsproduktivit\u00e4t, Leadership und pers\u00f6nlicher Wirksamkeit zu erreichen.\" \/>\n<meta name=\"robots\" content=\"index, follow, max-snippet:-1, max-image-preview:large, max-video-preview:-1\" \/>\n<link rel=\"canonical\" href=\"https:\/\/bluefrog-consulting.com\/en\/cookie-policy-eu\/\" \/>\n<meta property=\"og:locale\" content=\"en_US\" \/>\n<meta property=\"og:type\" content=\"article\" \/>\n<meta property=\"og:title\" content=\"Cookie Policy (EU) - Bluefrog Consulting\" \/>\n<meta property=\"og:description\" content=\"Wir unterst\u00fctzen Sie mit Spa\u00df, Herz und Verstand darin, Ihre Unternehmens-, Team- sowie pers\u00f6nlichen Ziele im Bereich Verkaufsproduktivit\u00e4t, Leadership und pers\u00f6nlicher Wirksamkeit zu erreichen.\" \/>\n<meta property=\"og:url\" content=\"https:\/\/bluefrog-consulting.com\/en\/cookie-policy-eu\/\" \/>\n<meta property=\"og:site_name\" content=\"Bluefrog Consulting\" \/>\n<meta property=\"article:modified_time\" content=\"2023-10-26T17:42:14+00:00\" \/>\n<meta name=\"twitter:card\" content=\"summary_large_image\" \/>\n<script type=\"application\/ld+json\" class=\"yoast-schema-graph\">{\"@context\":\"https:\\\/\\\/schema.org\",\"@graph\":[{\"@type\":\"WebPage\",\"@id\":\"https:\\\/\\\/bluefrog-consulting.com\\\/en\\\/cookie-policy-eu\\\/\",\"url\":\"https:\\\/\\\/bluefrog-consulting.com\\\/en\\\/cookie-policy-eu\\\/\",\"name\":\"Cookie Policy (EU) - Bluefrog Consulting\",\"isPartOf\":{\"@id\":\"https:\\\/\\\/bluefrog-consulting.com\\\/en\\\/#website\"},\"datePublished\":\"2023-09-14T21:02:59+00:00\",\"dateModified\":\"2023-10-26T17:42:14+00:00\",\"description\":\"Wir unterst\u00fctzen Sie mit Spa\u00df, Herz und Verstand darin, Ihre Unternehmens-, Team- sowie pers\u00f6nlichen Ziele im Bereich Verkaufsproduktivit\u00e4t, Leadership und pers\u00f6nlicher Wirksamkeit zu erreichen.\",\"breadcrumb\":{\"@id\":\"https:\\\/\\\/bluefrog-consulting.com\\\/en\\\/cookie-policy-eu\\\/#breadcrumb\"},\"inLanguage\":\"en-US\",\"potentialAction\":[{\"@type\":\"ReadAction\",\"target\":[\"https:\\\/\\\/bluefrog-consulting.com\\\/en\\\/cookie-policy-eu\\\/\"]}]},{\"@type\":\"BreadcrumbList\",\"@id\":\"https:\\\/\\\/bluefrog-consulting.com\\\/en\\\/cookie-policy-eu\\\/#breadcrumb\",\"itemListElement\":[{\"@type\":\"ListItem\",\"position\":1,\"name\":\"Home\",\"item\":\"https:\\\/\\\/bluefrog-consulting.com\\\/en\\\/\"},{\"@type\":\"ListItem\",\"position\":2,\"name\":\"Cookie Policy (EU)\"}]},{\"@type\":\"WebSite\",\"@id\":\"https:\\\/\\\/bluefrog-consulting.com\\\/en\\\/#website\",\"url\":\"https:\\\/\\\/bluefrog-consulting.com\\\/en\\\/\",\"name\":\"Bluefrog Consulting\",\"description\":\"Ihre Sales Enthusiasten\",\"publisher\":{\"@id\":\"https:\\\/\\\/bluefrog-consulting.com\\\/en\\\/#organization\"},\"potentialAction\":[{\"@type\":\"SearchAction\",\"target\":{\"@type\":\"EntryPoint\",\"urlTemplate\":\"https:\\\/\\\/bluefrog-consulting.com\\\/en\\\/?s={search_term_string}\"},\"query-input\":{\"@type\":\"PropertyValueSpecification\",\"valueRequired\":true,\"valueName\":\"search_term_string\"}}],\"inLanguage\":\"en-US\"},{\"@type\":\"Organization\",\"@id\":\"https:\\\/\\\/bluefrog-consulting.com\\\/en\\\/#organization\",\"name\":\"Bluefrog Consulting\",\"url\":\"https:\\\/\\\/bluefrog-consulting.com\\\/en\\\/\",\"logo\":{\"@type\":\"ImageObject\",\"inLanguage\":\"en-US\",\"@id\":\"https:\\\/\\\/bluefrog-consulting.com\\\/en\\\/#\\\/schema\\\/logo\\\/image\\\/\",\"url\":\"https:\\\/\\\/bluefrog-consulting.com\\\/wp-content\\\/uploads\\\/2023\\\/10\\\/logo-bluefrog.png\",\"contentUrl\":\"https:\\\/\\\/bluefrog-consulting.com\\\/wp-content\\\/uploads\\\/2023\\\/10\\\/logo-bluefrog.png\",\"width\":650,\"height\":157,\"caption\":\"Bluefrog Consulting\"},\"image\":{\"@id\":\"https:\\\/\\\/bluefrog-consulting.com\\\/en\\\/#\\\/schema\\\/logo\\\/image\\\/\"},\"sameAs\":[\"https:\\\/\\\/www.linkedin.com\\\/company\\\/bluefroggmbh\"]}]}<\/script>\n<!-- \/ Yoast SEO plugin. -->","yoast_head_json":{"title":"Cookie Policy (EU) - Bluefrog Consulting","description":"Wir unterst\u00fctzen Sie mit Spa\u00df, Herz und Verstand darin, Ihre Unternehmens-, Team- sowie pers\u00f6nlichen Ziele im Bereich Verkaufsproduktivit\u00e4t, Leadership und pers\u00f6nlicher Wirksamkeit zu erreichen.","robots":{"index":"index","follow":"follow","max-snippet":"max-snippet:-1","max-image-preview":"max-image-preview:large","max-video-preview":"max-video-preview:-1"},"canonical":"https:\/\/bluefrog-consulting.com\/en\/cookie-policy-eu\/","og_locale":"en_US","og_type":"article","og_title":"Cookie Policy (EU) - Bluefrog Consulting","og_description":"Wir unterst\u00fctzen Sie mit Spa\u00df, Herz und Verstand darin, Ihre Unternehmens-, Team- sowie pers\u00f6nlichen Ziele im Bereich Verkaufsproduktivit\u00e4t, Leadership und pers\u00f6nlicher Wirksamkeit zu erreichen.","og_url":"https:\/\/bluefrog-consulting.com\/en\/cookie-policy-eu\/","og_site_name":"Bluefrog Consulting","article_modified_time":"2023-10-26T17:42:14+00:00","twitter_card":"summary_large_image","schema":{"@context":"https:\/\/schema.org","@graph":[{"@type":"WebPage","@id":"https:\/\/bluefrog-consulting.com\/en\/cookie-policy-eu\/","url":"https:\/\/bluefrog-consulting.com\/en\/cookie-policy-eu\/","name":"Cookie Policy (EU) - Bluefrog Consulting","isPartOf":{"@id":"https:\/\/bluefrog-consulting.com\/en\/#website"},"datePublished":"2023-09-14T21:02:59+00:00","dateModified":"2023-10-26T17:42:14+00:00","description":"Wir unterst\u00fctzen Sie mit Spa\u00df, Herz und Verstand darin, Ihre Unternehmens-, Team- sowie pers\u00f6nlichen Ziele im Bereich Verkaufsproduktivit\u00e4t, Leadership und pers\u00f6nlicher Wirksamkeit zu erreichen.","breadcrumb":{"@id":"https:\/\/bluefrog-consulting.com\/en\/cookie-policy-eu\/#breadcrumb"},"inLanguage":"en-US","potentialAction":[{"@type":"ReadAction","target":["https:\/\/bluefrog-consulting.com\/en\/cookie-policy-eu\/"]}]},{"@type":"BreadcrumbList","@id":"https:\/\/bluefrog-consulting.com\/en\/cookie-policy-eu\/#breadcrumb","itemListElement":[{"@type":"ListItem","position":1,"name":"Home","item":"https:\/\/bluefrog-consulting.com\/en\/"},{"@type":"ListItem","position":2,"name":"Cookie Policy (EU)"}]},{"@type":"WebSite","@id":"https:\/\/bluefrog-consulting.com\/en\/#website","url":"https:\/\/bluefrog-consulting.com\/en\/","name":"Bluefrog Consulting","description":"Ihre Sales Enthusiasten","publisher":{"@id":"https:\/\/bluefrog-consulting.com\/en\/#organization"},"potentialAction":[{"@type":"SearchAction","target":{"@type":"EntryPoint","urlTemplate":"https:\/\/bluefrog-consulting.com\/en\/?s={search_term_string}"},"query-input":{"@type":"PropertyValueSpecification","valueRequired":true,"valueName":"search_term_string"}}],"inLanguage":"en-US"},{"@type":"Organization","@id":"https:\/\/bluefrog-consulting.com\/en\/#organization","name":"Bluefrog Consulting","url":"https:\/\/bluefrog-consulting.com\/en\/","logo":{"@type":"ImageObject","inLanguage":"en-US","@id":"https:\/\/bluefrog-consulting.com\/en\/#\/schema\/logo\/image\/","url":"https:\/\/bluefrog-consulting.com\/wp-content\/uploads\/2023\/10\/logo-bluefrog.png","contentUrl":"https:\/\/bluefrog-consulting.com\/wp-content\/uploads\/2023\/10\/logo-bluefrog.png","width":650,"height":157,"caption":"Bluefrog Consulting"},"image":{"@id":"https:\/\/bluefrog-consulting.com\/en\/#\/schema\/logo\/image\/"},"sameAs":["https:\/\/www.linkedin.com\/company\/bluefroggmbh"]}]}},"_links":{"self":[{"href":"https:\/\/bluefrog-consulting.com\/en\/wp-json\/wp\/v2\/pages\/3991","targetHints":{"allow":["GET"]}}],"collection":[{"href":"https:\/\/bluefrog-consulting.com\/en\/wp-json\/wp\/v2\/pages"}],"about":[{"href":"https:\/\/bluefrog-consulting.com\/en\/wp-json\/wp\/v2\/types\/page"}],"author":[{"embeddable":true,"href":"https:\/\/bluefrog-consulting.com\/en\/wp-json\/wp\/v2\/users\/1"}],"replies":[{"embeddable":true,"href":"https:\/\/bluefrog-consulting.com\/en\/wp-json\/wp\/v2\/comments?post=3991"}],"version-history":[{"count":1,"href":"https:\/\/bluefrog-consulting.com\/en\/wp-json\/wp\/v2\/pages\/3991\/revisions"}],"predecessor-version":[{"id":3992,"href":"https:\/\/bluefrog-consulting.com\/en\/wp-json\/wp\/v2\/pages\/3991\/revisions\/3992"}],"wp:attachment":[{"href":"https:\/\/bluefrog-consulting.com\/en\/wp-json\/wp\/v2\/media?parent=3991"}],"curies":[{"name":"wp","href":"https:\/\/api.w.org\/{rel}","templated":true}]}}